{"id":980,"date":"2023-11-18T01:22:22","date_gmt":"2023-11-18T01:22:22","guid":{"rendered":"https:\/\/free2stay.eu\/?page_id=980"},"modified":"2024-03-25T03:53:25","modified_gmt":"2024-03-25T03:53:25","slug":"legal-notice","status":"publish","type":"page","link":"https:\/\/free2stay.eu\/pt\/legal-notice\/","title":{"rendered":"Informa\u00e7\u00e3o Legal"},"content":{"rendered":"<p>O site www.Free2stay \u00e9 editado e operado por:<\/p>\n<p>Jo\u00e3o Fernando P Fonseca<br \/>\nEndere\u00e7o: Pra\u00e7a Augusto Moura Junior 8<br \/>\nE-mail: contacto@free2stay.eu<br \/>\nGestores de publica\u00e7\u00e3o: Jo\u00e3o Fonseca \/ Natividad Aguero<\/p>\n<h3 class=\"fs-3 pb-3\">Hospedagem do Site<\/h3>\n<p class=\" translation-block\">HostFast LLC<br>30 North Gould St. #5535<br>Sheridan, Wyoming, EUA<br>82801-6317<\/p>\n<h3>Condi\u00e7\u00f5es Gerais de Uso do Site<\/h3>\n<p class=\" translation-block\">Jo\u00e3o Fernando P. Fonseca, doravante designado por JFPF, \u00e9 o propriet\u00e1rio e editor do site <a href=\"https:\/\/free2stay.eu\/\" target=\"_new\" rel=\"noopener\">www.free2stay.eu<\/a>. O Free2stay.eu \u00e9 uma plataforma colaborativa e comunit\u00e1ria que permite aos utilizadores partilhar locais para estacionar autocaravanas, furg\u00f5es ou carrinhas.<br> O uso deste servi\u00e7o destina-se estritamente a fins pessoais, n\u00e3o lucrativos, diretos ou indiretos, e para uso como correspond\u00eancia privada.<br> A adi\u00e7\u00e3o de lugares pertencentes a pessoas privadas n\u00e3o deve, em caso algum, ser feita sem a sua autoriza\u00e7\u00e3o pr\u00e9via.<br> JFPF n\u00e3o pode garantir a precis\u00e3o ou legalidade das informa\u00e7\u00f5es trocadas, incluindo lugares de estacionamento ou outros, todos os tipos de descri\u00e7\u00f5es, incluindo endere\u00e7os, detalhes de contacto, pre\u00e7os, coment\u00e1rios e fotos.<br> JFPF reserva-se no direito de moderar, excluir ou modificar qualquer informa\u00e7\u00e3o, como lugares de estacionamento ou outros, todos os tipos de descri\u00e7\u00f5es, endere\u00e7os, detalhes de contacto, pre\u00e7os, coment\u00e1rios e fotos que considerar \u00fateis ou mais precisos.<br> \u00c9 da responsabilidade exclusiva de cada utilizador garantir a legalidade, pertin\u00eancia e respeito pelo seu estacionamento caso a caso.<br> JFPF n\u00e3o pode ser responsabilizada por a\u00e7\u00f5es e consequ\u00eancias que possam resultar do uso das informa\u00e7\u00f5es obtidas atrav\u00e9s do website Free2stay ou atrav\u00e9s de qualquer aplica\u00e7\u00e3o derivada.<br> Como utilizador, pode sugerir a corre\u00e7\u00e3o de erros, omiss\u00f5es ou sugest\u00f5es diretamente atrav\u00e9s do website.<br> O Free2stay.eu \u00e9 protegido por direitos autorais e \u00e9 propriedade exclusiva de JFPF. O Free2stay.eu n\u00e3o autoriza qualquer c\u00f3pia total ou parcial em qualquer meio sem a permiss\u00e3o expressa pr\u00e9via de JFPF.<\/p>\n<h2>Politica de privacidade<\/h2>\n<p class=\" translation-block\"><strong>CONTROLADOR DE DADOS<\/strong>  Ao usar o nosso site, os dados pessoais que voc\u00ea fornece ser\u00e3o processados por JFPF, e-mail de contato: <a href=\"mailto:contact@free2stay.eu\" target=\"_new\" rel=\"noopener\">contact@free2stay.eu<\/a>, como controlador de dados.<\/p>\n<p class=\" translation-block\"><strong>QUE DADOS PESSOAIS S\u00c3O COLETADOS?<\/strong> Para usar nosso aplicativo, voc\u00ea n\u00e3o precisa registrar uma conta. No entanto, se desejar desfrutar totalmente das funcionalidades do Free2stay, como adicionar coment\u00e1rios, fotos de lugares, adicionar novos lugares, ser\u00e1 necess\u00e1rio criar uma conta; Neste caso, os dados pessoais m\u00ednimos necess\u00e1rios a serem fornecidos s\u00e3o: endere\u00e7o de e-mail e nome de usu\u00e1rio (o nome de usu\u00e1rio pode ser fict\u00edcio). Podemos coletar outras informa\u00e7\u00f5es, n\u00e3o consideradas como dados pessoais, como: tipo do seu ve\u00edculo, idioma preferido, descri\u00e7\u00f5es derivadas de coment\u00e1rios e fotos. Nosso aplicativo usa o Google Analytics, que \u00e9 um servi\u00e7o oferecido pelo Google que gera estat\u00edsticas detalhadas sobre o tr\u00e1fego do nosso aplicativo. Este servi\u00e7o \u00e9 fornecido pelo Google de acordo com a pol\u00edtica de privacidade do Google. Podemos usar outros servi\u00e7os anal\u00edticos que n\u00e3o coletam dados pessoais e sens\u00edveis.<\/p>\n<p><strong>PARA QUE SERVE A INFORMA\u00c7\u00c3O?<\/strong> Seu endere\u00e7o de e-mail \u00e9 usado para: registrar sua conta, fazer login em sua conta e pode ser usado para entrar em contato com voc\u00ea, se necess\u00e1rio. Seu nome de usu\u00e1rio \u00e9 usado para registrar sua conta e fazer login em sua conta. Quando voc\u00ea utiliza as funcionalidades do nosso aplicativo, como adicionar lugares, adicionar coment\u00e1rios, adicionar fotos, seu nome de usu\u00e1rio \u00e9 usado para mostrar o que voc\u00ea posta. O seu endere\u00e7o de e-mail tamb\u00e9m pode ser utilizado para lhe enviar a nossa newsletter, apenas se nos der o seu consentimento separado. Ao se registrar em nosso aplicativo, voc\u00ea pode nos dar um consentimento separado para receber informa\u00e7\u00f5es sobre nossos parceiros em seu e-mail. N\u00e3o divulgamos nenhum dos seus dados pessoais, exceto o nome de usu\u00e1rio, que \u00e9 publicado no aplicativo junto com coment\u00e1rios, lugares ou fotos que voc\u00ea publica. Como resultado, seu nome de usu\u00e1rio, bem como os locais, coment\u00e1rios e fotos que voc\u00ea adiciona, s\u00e3o divulgados dentro do aplicativo para os usu\u00e1rios do nosso aplicativo (cadastrados e n\u00e3o cadastrados), bem como em nosso site.<\/p>\n<p class=\" translation-block\"><strong>DIVULGAMOS ALGUMA INFORMA\u00c7\u00c3O A TERCEIROS?<\/strong> Al\u00e9m do que escrevemos acima, n\u00e3o compartilhamos nenhuma de suas informa\u00e7\u00f5es, incluindo o nome de usu\u00e1rio e o endere\u00e7o de e-mail, com terceiros, a menos que seja solicitado por lei.<\/p>\n<p class=\" translation-block\"><strong>SEUS DADOS PESSOAIS EST\u00c3O SEGUROS?<\/strong> Tratamos os dados de nossos utilizadores em uma infraestrutura segura. Implementamos a criptografia da transmiss\u00e3o quando fornece seus dados pela Internet.<\/p>\n<p><strong>ALTERA\u00c7\u00d5ES NA NOSSA POL\u00cdTICA DE PRIVACIDADE<\/strong> <strong>ALTERA\u00c7\u00d5ES \u00c0 NOSSA POL\u00cdTICA DE PRIVACIDADE<\/strong> Se decidirmos alterar a nossa pol\u00edtica, iremos publicar essas altera\u00e7\u00f5es nesta p\u00e1gina e inform\u00e1-lo sobre isso.<\/p>","protected":false},"excerpt":{"rendered":"<p>The Site www.Free2stay is edited and operated by : Joao Fernando P Fonseca Address : Pr\u00e7 Augusto Moura Junior 8 Email : contacto@free2stay.eu Gestores de publica\u00e7\u00e3o : Joao Fonseca \/ Natividad Aguero Site Hosting HostFast LLC 30 North Gould St. #5535 Sheridan, Wyoming, USA 82801-6317 General conditions of use of the Site Jo\u00e3o Fernando P. [&hellip;]<\/p>\n","protected":false},"author":23,"featured_media":0,"parent":0,"menu_order":0,"comment_status":"closed","ping_status":"closed","template":"template-fullwidth.php","meta":{"_acf_changed":false,"_themeisle_gutenberg_block_has_review":false,"footnotes":""},"class_list":["post-980","page","type-page","status-publish","hentry"],"acf":[],"_links":{"self":[{"href":"https:\/\/free2stay.eu\/pt\/wp-json\/wp\/v2\/pages\/980","targetHints":{"allow":["GET"]}}],"collection":[{"href":"https:\/\/free2stay.eu\/pt\/wp-json\/wp\/v2\/pages"}],"about":[{"href":"https:\/\/free2stay.eu\/pt\/wp-json\/wp\/v2\/types\/page"}],"author":[{"embeddable":true,"href":"https:\/\/free2stay.eu\/pt\/wp-json\/wp\/v2\/users\/23"}],"replies":[{"embeddable":true,"href":"https:\/\/free2stay.eu\/pt\/wp-json\/wp\/v2\/comments?post=980"}],"version-history":[{"count":1,"href":"https:\/\/free2stay.eu\/pt\/wp-json\/wp\/v2\/pages\/980\/revisions"}],"predecessor-version":[{"id":1854,"href":"https:\/\/free2stay.eu\/pt\/wp-json\/wp\/v2\/pages\/980\/revisions\/1854"}],"wp:attachment":[{"href":"https:\/\/free2stay.eu\/pt\/wp-json\/wp\/v2\/media?parent=980"}],"curies":[{"name":"wp","href":"https:\/\/api.w.org\/{rel}","templated":true}]}}