{"id":980,"date":"2023-11-18T01:22:22","date_gmt":"2023-11-18T01:22:22","guid":{"rendered":"https:\/\/free2stay.eu\/?page_id=980"},"modified":"2024-03-25T03:53:25","modified_gmt":"2024-03-25T03:53:25","slug":"legal-notice","status":"publish","type":"page","link":"https:\/\/free2stay.eu\/fr\/legal-notice\/","title":{"rendered":"Mentions l\u00e9gales"},"content":{"rendered":"<p>Le site www.Free2stay est \u00e9dit\u00e9 et exploit\u00e9 par:<\/p>\n<p>Jo\u00e3o Fernando P. Fonseca<br \/>\nAdresse : Pr\u00e7 Augusto Moura Junior 8<br \/>\nEmail : contacto@free2stay.eu<br \/>\nDirecteurs de publication : Joao Fonseca \/ Natividad Aguero<\/p>\n<h3 class=\"fs-3 pb-3\">H\u00e9bergement du Site<\/h3>\n<p class=\" translation-block\">HostFast LLC<br>30 North Gould St. #5535<br>Sheridan, Wyoming, \u00c9tats-Unis<br>82801-6317<\/p>\n<h3>Conditions G\u00e9n\u00e9rales d'Utilisation du Site<\/h3>\n<p class=\" translation-block\">Jo\u00e3o Fernando P. Fonseca, ci-apr\u00e8s d\u00e9sign\u00e9 par JFPF, est le propri\u00e9taire et l'\u00e9diteur du site <a href=\"https:\/\/free2stay.eu\/\" target=\"_new\" rel=\"noopener\">www.free2stay.eu<\/a>. Free2stay.eu est une plateforme collaborative et communautaire qui permet aux utilisateurs de partager des emplacements pour garer des camping-cars, des fourgons ou des camionnettes.<br> L'utilisation de ce service est strictement r\u00e9serv\u00e9e \u00e0 des fins personnelles, non lucratives, directes ou indirectes, et pour une correspondance priv\u00e9e.<br> L'ajout de lieux appartenant \u00e0 des particuliers ne doit, en aucun cas, \u00eatre fait sans leur autorisation pr\u00e9alable.<br> JFPF ne peut garantir l'exactitude ou la l\u00e9galit\u00e9 des informations \u00e9chang\u00e9es, y compris les lieux de stationnement ou autres, tous types de descriptions, y compris les adresses, les coordonn\u00e9es, les prix, les commentaires et les photos.<br> JFPF se r\u00e9serve le droit de mod\u00e9rer, supprimer ou modifier toute information, telle que les lieux de stationnement ou autres, tous types de descriptions, adresses, coordonn\u00e9es, prix, commentaires et photos qu'il juge utiles ou plus pr\u00e9cises.<br> Il incombe \u00e0 chaque utilisateur de garantir la l\u00e9galit\u00e9, la pertinence et le respect de son stationnement cas par cas.<br> JFPF ne peut \u00eatre tenu responsable des actions et cons\u00e9quences r\u00e9sultant de l'utilisation des informations obtenues par le biais du site Web Free2stay ou de toute application d\u00e9riv\u00e9e.<br> En tant qu'utilisateur, vous pouvez sugg\u00e9rer la correction d'erreurs, d'omissions ou fournir des suggestions directement via le site Web.<br> Free2stay.eu est prot\u00e9g\u00e9 par le droit d'auteur et est la propri\u00e9t\u00e9 exclusive de JFPF. Free2stay.eu n'autorise aucune copie totale ou partielle sur quelque support que ce soit sans l'autorisation expresse pr\u00e9alable de JFPF.<\/p>\n<h2>Politique de confidentialit\u00e9<\/h2>\n<p class=\" translation-block\"><strong>CONTR\u00d4LEUR DE DONN\u00c9ES <\/strong>Lorsque vous utilisez notre site Web, les donn\u00e9es personnelles que vous fournissez seront trait\u00e9es par JFPF, e-mail de contact : <a href=\"mailto:contact@free2stay.eu\" target=\"_new\" rel=\"noopener\">contact@free2stay.eu<\/a>, en tant que responsable du traitement des donn\u00e9es.<\/p>\n<p class=\" translation-block\"><strong>QUELLES DONN\u00c9ES PERSONNELLES SONT COLLECT\u00c9ES?<\/strong> Pour utiliser notre application, vous n'avez pas besoin de vous inscrire. Cependant, si vous souhaitez profiter pleinement des fonctionnalit\u00e9s de Free2stay, telles que l'ajout de commentaires, l'ajout de photos d'endroits, l'ajout de nouveaux endroits, vous devrez cr\u00e9er un compte ; Dans ce cas, les donn\u00e9es personnelles minimales n\u00e9cessaires \u00e0 fournir sont : l'adresse e-mail et le nom d'utilisateur (le nom d'utilisateur peut \u00eatre fictif). Nous pouvons collecter d'autres informations, non consid\u00e9r\u00e9es comme des donn\u00e9es personnelles, telles que : le type de votre v\u00e9hicule, la langue pr\u00e9f\u00e9r\u00e9e, des descriptions issues de commentaires et de photos. Notre application utilise Google Analytics, un service propos\u00e9 par Google qui g\u00e9n\u00e8re des statistiques d\u00e9taill\u00e9es sur le trafic de notre application. Ce service est fourni par Google conform\u00e9ment \u00e0 la politique de confidentialit\u00e9 de Google. Nous pouvons utiliser d'autres services analytiques qui ne collectent pas de donn\u00e9es personnelles et sensibles.<\/p>\n<p><strong>A QUOI SERVENT LES INFORMATIONS ?<\/strong> Votre adresse email est utilis\u00e9e pour : enregistrer votre compte, vous connecter \u00e0 votre compte et pourra \u00eatre utilis\u00e9e pour vous contacter si n\u00e9cessaire. Votre nom d&#039;utilisateur est utilis\u00e9 pour enregistrer votre compte et vous connecter \u00e0 votre compte. Lorsque vous utilisez les fonctionnalit\u00e9s de notre application, telles que l&#039;ajout de lieux, l&#039;ajout de commentaires, l&#039;ajout de photos, votre nom d&#039;utilisateur est utilis\u00e9 pour afficher ce que vous publiez. Votre adresse e-mail peut \u00e9galement \u00eatre utilis\u00e9e dans le but de vous envoyer notre newsletter, uniquement si vous nous donnez votre consentement s\u00e9par\u00e9. Lors de votre inscription \u00e0 notre application, vous pouvez nous donner votre consentement s\u00e9par\u00e9 pour recevoir des informations sur nos partenaires sur votre e-mail. Nous ne divulguons aucune de vos donn\u00e9es personnelles, \u00e0 l&#039;exception du nom d&#039;utilisateur, qui est publi\u00e9 dans l&#039;application avec les commentaires, lieux ou photos que vous publiez. En cons\u00e9quence, votre nom d&#039;utilisateur, ainsi que les lieux, commentaires et photos que vous ajoutez, sont divulgu\u00e9s au sein de l&#039;application pour les utilisateurs de notre application (enregistr\u00e9s et non enregistr\u00e9s), ainsi que sur notre site Internet.<\/p>\n<p class=\" translation-block\"><strong>DIFFUSONS-NOUS DES INFORMATIONS \u00c0 DES TIERS?<\/strong> En dehors de ce que nous avons \u00e9crit ci-dessus, nous ne partageons aucune de vos informations, y compris le nom d'utilisateur et l'adresse e-mail, avec des tiers sauf si la loi l'exige.<\/p>\n<p class=\" translation-block\"><strong>VOS DONN\u00c9ES PERSONNELLES SONT-ELLES S\u00c9CURIS\u00c9ES?<\/strong> Nous traitons les donn\u00e9es de nos utilisateurs dans une infrastructure s\u00e9curis\u00e9e. Nous avons mis en place le cryptage de la transmission lorsque vous fournissez vos donn\u00e9es sur Internet.<\/p>\n<p><strong>MODIFICATIONS APPORT\u00c9ES \u00c0 NOTRE POLITIQUE DE CONFIDENTIALIT\u00c9<\/strong> <strong>MODIFICATIONS \u00c0 NOTRE POLITIQUE DE CONFIDENTIALIT\u00c9<\/strong> Si nous d\u00e9cidons de modifier notre politique, nous publierons ces changements sur cette page et vous en informerons.<\/p>","protected":false},"excerpt":{"rendered":"<p>The Site www.Free2stay is edited and operated by : Joao Fernando P Fonseca Address : Pr\u00e7 Augusto Moura Junior 8 Email : contacto@free2stay.eu Gestores de publica\u00e7\u00e3o : Joao Fonseca \/ Natividad Aguero Site Hosting HostFast LLC 30 North Gould St. #5535 Sheridan, Wyoming, USA 82801-6317 General conditions of use of the Site Jo\u00e3o Fernando P. [&hellip;]<\/p>\n","protected":false},"author":23,"featured_media":0,"parent":0,"menu_order":0,"comment_status":"closed","ping_status":"closed","template":"template-fullwidth.php","meta":{"_acf_changed":false,"_themeisle_gutenberg_block_has_review":false,"footnotes":""},"class_list":["post-980","page","type-page","status-publish","hentry"],"acf":[],"_links":{"self":[{"href":"https:\/\/free2stay.eu\/fr\/wp-json\/wp\/v2\/pages\/980","targetHints":{"allow":["GET"]}}],"collection":[{"href":"https:\/\/free2stay.eu\/fr\/wp-json\/wp\/v2\/pages"}],"about":[{"href":"https:\/\/free2stay.eu\/fr\/wp-json\/wp\/v2\/types\/page"}],"author":[{"embeddable":true,"href":"https:\/\/free2stay.eu\/fr\/wp-json\/wp\/v2\/users\/23"}],"replies":[{"embeddable":true,"href":"https:\/\/free2stay.eu\/fr\/wp-json\/wp\/v2\/comments?post=980"}],"version-history":[{"count":1,"href":"https:\/\/free2stay.eu\/fr\/wp-json\/wp\/v2\/pages\/980\/revisions"}],"predecessor-version":[{"id":1854,"href":"https:\/\/free2stay.eu\/fr\/wp-json\/wp\/v2\/pages\/980\/revisions\/1854"}],"wp:attachment":[{"href":"https:\/\/free2stay.eu\/fr\/wp-json\/wp\/v2\/media?parent=980"}],"curies":[{"name":"wp","href":"https:\/\/api.w.org\/{rel}","templated":true}]}}