{"id":980,"date":"2023-11-18T01:22:22","date_gmt":"2023-11-18T01:22:22","guid":{"rendered":"https:\/\/free2stay.eu\/?page_id=980"},"modified":"2024-03-25T03:53:25","modified_gmt":"2024-03-25T03:53:25","slug":"legal-notice","status":"publish","type":"page","link":"https:\/\/free2stay.eu\/es\/legal-notice\/","title":{"rendered":"Aviso Legal"},"content":{"rendered":"<p>El sitio www.Free2stay es editado y operado por:<\/p>\n<p>Joao Fernando P Fonseca<br \/>\nDirecci\u00f3n : Pr\u00e7 Augusto Moura Junior 8<br \/>\nCorreo electr\u00f3nico: contacto@free2stay.eu<br \/>\nGestores de publicaci\u00f3n: Joao Fonseca \/ Natividad Ag\u00fcero<\/p>\n<h3 class=\"fs-3 pb-3\">Hospedaje del Sitio<\/h3>\n<p class=\" translation-block\">HostFast LLC<br>30 North Gould St. #5535<br>Sheridan, Wyoming, EE. UU.<br>82801-6317<\/p>\n<h3>Condiciones Generales de Uso del Sitio<\/h3>\n<p class=\" translation-block\">Jo\u00e3o Fernando P. Fonseca, en adelante referido como JFPF, es el propietario y editor del sitio <a href=\"https:\/\/free2stay.eu\/\" target=\"_new\" rel=\"noopener\">www.free2stay.eu<\/a>. Free2stay.eu es una plataforma colaborativa y comunitaria que permite a los usuarios compartir lugares para estacionar autocaravanas, furgonetas o camper vans.<br> El uso de este servicio est\u00e1 estrictamente destinado a fines personales, no lucrativos, directos o indirectos, y para correspondencia privada.<br> La adici\u00f3n de lugares propiedad de particulares no debe, en ning\u00fan caso, hacerse sin su autorizaci\u00f3n previa.<br> JFPF no puede garantizar la precisi\u00f3n o legalidad de la informaci\u00f3n intercambiada, incluidos lugares de estacionamiento u otros, todo tipo de descripciones, incluidas direcciones, detalles de contacto, precios, comentarios y fotos.<br> JFPF se reserva el derecho de moderar, eliminar o modificar cualquier informaci\u00f3n, como lugares de estacionamiento u otros, todo tipo de descripciones, direcciones, detalles de contacto, precios, comentarios y fotos que considere \u00fatil o m\u00e1s precisa.<br> Es responsabilidad exclusiva de cada usuario garantizar la legalidad, pertinencia y respeto por su estacionamiento caso por caso.<br> JFPF no puede ser responsabilizado por acciones y consecuencias que puedan derivarse del uso de la informaci\u00f3n obtenida a trav\u00e9s del sitio web Free2stay o cualquier aplicaci\u00f3n derivada.<br> Como usuario, puede sugerir la correcci\u00f3n de errores, omisiones o proporcionar sugerencias directamente a trav\u00e9s del sitio web.<br> Free2stay.eu est\u00e1 protegido por derechos de autor y es propiedad exclusiva de JFPF. Free2stay.eu no autoriza ninguna copia total o parcial en ning\u00fan medio sin el permiso expreso previo de JFPF.<\/p>\n<h2>Pol\u00edtica de Privacidad<\/h2>\n<p class=\" translation-block\"><strong>CONTROLADOR DE DATOS <\/strong>Cuando utiliza nuestro sitio web, los datos personales que proporciona ser\u00e1n procesados por JFPF, correo electr\u00f3nico de contacto: <a href=\"mailto:contact@free2stay.eu\" target=\"_new\" rel=\"noopener\">contact@free2stay.eu<\/a>, como el controlador de datos.<\/p>\n<p class=\" translation-block\"><strong>\u00bfQU\u00c9 DATOS PERSONALES SE RECOPILAN?<\/strong> Para utilizar nuestra aplicaci\u00f3n, no es necesario registrarse. Sin embargo, si desea disfrutar plenamente de las funcionalidades de Free2stay, como agregar comentarios, agregar fotos de lugares, agregar nuevos lugares, deber\u00e1 crear una cuenta; En este caso, los datos personales m\u00ednimos necesarios que se deben proporcionar son: direcci\u00f3n de correo electr\u00f3nico y nombre de usuario (el nombre de usuario puede ser ficticio). Podemos recopilar otra informaci\u00f3n, no considerada como datos personales, como: tipo de su veh\u00edculo, idioma preferido, descripciones derivadas de comentarios y fotos. Nuestra aplicaci\u00f3n utiliza Google Analytics, que es un servicio ofrecido por Google que genera estad\u00edsticas detalladas sobre el tr\u00e1fico de nuestra aplicaci\u00f3n. Este servicio es proporcionado por Google seg\u00fan la pol\u00edtica de privacidad de Google. Podemos utilizar otros servicios anal\u00edticos que no recopilan datos personales y sensibles.<\/p>\n<p><strong>\u00bfPARA QU\u00c9 SE UTILIZA LA INFORMACI\u00d3N?<\/strong> Su direcci\u00f3n de correo electr\u00f3nico se utiliza para: registrar su cuenta, iniciar sesi\u00f3n en su cuenta y puede usarse para contactarlo si es necesario. Su nombre de usuario se utiliza para registrar su cuenta e iniciar sesi\u00f3n en su cuenta. Cuando utiliza las funcionalidades de nuestra aplicaci\u00f3n, como agregar lugares, agregar comentarios, agregar fotos, su nombre de usuario se usa para mostrar lo que publica. Su direcci\u00f3n de correo electr\u00f3nico tambi\u00e9n se puede utilizar con el fin de enviarle nuestro bolet\u00edn informativo, solo si nos da su consentimiento por separado. Al registrarse en nuestra aplicaci\u00f3n, puede darnos un consentimiento por separado para recibir informaci\u00f3n sobre nuestros socios en su correo electr\u00f3nico. No divulgamos ninguno de sus datos personales, excepto el nombre de usuario, que se publica en la aplicaci\u00f3n junto con los comentarios, lugares o fotos que publica. Como resultado, su nombre de usuario, as\u00ed como los lugares, comentarios y fotos que agregue, se divulgan dentro de la aplicaci\u00f3n para los usuarios de nuestra aplicaci\u00f3n (registrados y no registrados), as\u00ed como en nuestro sitio web.<\/p>\n<p class=\" translation-block\"><strong>\u00bfDIVULGAMOS ALGUNA INFORMACI\u00d3N A TERCEROS?<\/strong> Aparte de lo que hemos escrito anteriormente, no compartimos ninguna de su informaci\u00f3n, incluido el nombre de usuario y la direcci\u00f3n de correo electr\u00f3nico, con terceros a menos que lo exija la ley.<\/p>\n<p class=\" translation-block\"><strong>EST\u00c1N  SEGUROS TUS DATOS PERSONALES?<\/strong> Manejamos los datos de nuestros usuarios en una infraestructura segura. Hemos implementado la encriptaci\u00f3n de la transmisi\u00f3n cuando proporciona sus datos por Internet.<\/p>\n<p><strong>CAMBIOS A NUESTRA POL\u00cdTICA DE PRIVACIDAD<\/strong> <strong>CAMBIOS EN NUESTRA POL\u00cdTICA DE PRIVACIDAD<\/strong> Si decidimos cambiar nuestra pol\u00edtica, publicaremos esos cambios en esta p\u00e1gina e informaremos sobre ello.<\/p>","protected":false},"excerpt":{"rendered":"<p>The Site www.Free2stay is edited and operated by : Joao Fernando P Fonseca Address : Pr\u00e7 Augusto Moura Junior 8 Email : contacto@free2stay.eu Gestores de publica\u00e7\u00e3o : Joao Fonseca \/ Natividad Aguero Site Hosting HostFast LLC 30 North Gould St. #5535 Sheridan, Wyoming, USA 82801-6317 General conditions of use of the Site Jo\u00e3o Fernando P. [&hellip;]<\/p>\n","protected":false},"author":23,"featured_media":0,"parent":0,"menu_order":0,"comment_status":"closed","ping_status":"closed","template":"template-fullwidth.php","meta":{"_acf_changed":false,"_themeisle_gutenberg_block_has_review":false,"footnotes":""},"class_list":["post-980","page","type-page","status-publish","hentry"],"acf":[],"_links":{"self":[{"href":"https:\/\/free2stay.eu\/es\/wp-json\/wp\/v2\/pages\/980","targetHints":{"allow":["GET"]}}],"collection":[{"href":"https:\/\/free2stay.eu\/es\/wp-json\/wp\/v2\/pages"}],"about":[{"href":"https:\/\/free2stay.eu\/es\/wp-json\/wp\/v2\/types\/page"}],"author":[{"embeddable":true,"href":"https:\/\/free2stay.eu\/es\/wp-json\/wp\/v2\/users\/23"}],"replies":[{"embeddable":true,"href":"https:\/\/free2stay.eu\/es\/wp-json\/wp\/v2\/comments?post=980"}],"version-history":[{"count":1,"href":"https:\/\/free2stay.eu\/es\/wp-json\/wp\/v2\/pages\/980\/revisions"}],"predecessor-version":[{"id":1854,"href":"https:\/\/free2stay.eu\/es\/wp-json\/wp\/v2\/pages\/980\/revisions\/1854"}],"wp:attachment":[{"href":"https:\/\/free2stay.eu\/es\/wp-json\/wp\/v2\/media?parent=980"}],"curies":[{"name":"gracias","href":"https:\/\/api.w.org\/{rel}","templated":true}]}}