{"id":980,"date":"2023-11-18T01:22:22","date_gmt":"2023-11-18T01:22:22","guid":{"rendered":"https:\/\/free2stay.eu\/?page_id=980"},"modified":"2024-03-25T03:53:25","modified_gmt":"2024-03-25T03:53:25","slug":"legal-notice","status":"publish","type":"page","link":"https:\/\/free2stay.eu\/de\/legal-notice\/","title":{"rendered":"Rechtlicher Hinweis"},"content":{"rendered":"<p>Die Website www.Free2stay wird herausgegeben und betrieben von:<\/p>\n<p>Joao Fernando P Fonseca<br \/>\nAdresse: Pr\u00e7 Augusto Moura Junior 8<br \/>\nE-Mail: contacto@free2stay.eu<br \/>\nVer\u00f6ffentlichungsgeber: Joao Fonseca \/ Natividad Aguero<\/p>\n<h3 class=\"fs-3 pb-3\">Website-Hosting<\/h3>\n<p class=\" translation-block\">HostFast LLC<br>30 North Gould St. #5535<br>Sheridan, Wyoming, USA<br>82801-6317<\/p>\n<h3>Allgemeine Nutzungsbedingungen der Website<\/h3>\n<p class=\" translation-block\">Jo\u00e3o Fernando P. Fonseca, im Folgenden als JFPF bezeichnet, ist der Eigent\u00fcmer und Herausgeber der Website <a href=\"https:\/\/free2stay.eu\/\" target=\"_new\" rel=\"noopener\">www.free2stay.eu<\/a>. Free2stay.eu ist eine kollaborative und communitybasierte Plattform, die es Benutzern erm\u00f6glicht, Standorte f\u00fcr das Parken von Wohnmobilen, Lieferwagen oder Kleintransportern zu teilen.<br> Die Nutzung dieses Dienstes ist ausschlie\u00dflich f\u00fcr pers\u00f6nliche, nicht gewinnorientierte, direkte oder indirekte Zwecke und f\u00fcr private Korrespondenz bestimmt.<br> Das Hinzuf\u00fcgen von Orten, die Privatpersonen geh\u00f6ren, darf unter keinen Umst\u00e4nden ohne deren vorherige Genehmigung erfolgen.<br> JFPF kann die Genauigkeit oder Rechtm\u00e4\u00dfigkeit der ausgetauschten Informationen, einschlie\u00dflich Parkpl\u00e4tzen oder anderen, aller Arten von Beschreibungen, einschlie\u00dflich Adressen, Kontaktdaten, Preisen, Kommentaren und Fotos, nicht garantieren.<br> JFPF beh\u00e4lt sich das Recht vor, alle Informationen wie Parkpl\u00e4tze oder andere, alle Arten von Beschreibungen, Adressen, Kontaktdaten, Preise, Kommentare und Fotos zu moderieren, zu l\u00f6schen oder zu \u00e4ndern, die es f\u00fcr n\u00fctzlich oder genauer h\u00e4lt.<br> Es liegt in der alleinigen Verantwortung jedes Benutzers, die Rechtm\u00e4\u00dfigkeit, Relevanz und den Respekt f\u00fcr sein Parken in jedem Einzelfall sicherzustellen.<br> JFPF kann nicht f\u00fcr Handlungen und Konsequenzen haftbar gemacht werden, die sich aus der Verwendung der \u00fcber die Free2stay-Website oder jede abgeleitete Anwendung erhaltenen Informationen ergeben.<br> Als Benutzer k\u00f6nnen Sie die Korrektur von Fehlern, Auslassungen oder Vorschl\u00e4ge direkt \u00fcber die Website vorschlagen.<br> Free2stay.eu ist urheberrechtlich gesch\u00fctzt und geh\u00f6rt ausschlie\u00dflich JFPF. Free2stay.eu autorisiert keine vollst\u00e4ndige oder teilweise Kopie auf einem beliebigen Medium ohne die ausdr\u00fcckliche vorherige Genehmigung von JFPF.<\/p>\n<h2>Datenschutzrichtlinie<\/h2>\n<p class=\" translation-block\"><strong>DATENVERANTWORTLICHER<\/strong> Wenn Sie unsere Website nutzen, werden die von Ihnen bereitgestellten personenbezogenen Daten von JFPF verarbeitet, Kontakt-E-Mail: <a href=\"mailto:contact@free2stay.eu\" target=\"_new\" rel=\"noopener\">contact@free2stay.eu<\/a>, als Datenverantwortlicher.<\/p>\n<p class=\" translation-block\"><strong>WELCHE PERSONENBEZOGENEN DATEN WERDEN ERHOBEN?<\/strong> Um unsere Anwendung zu nutzen, m\u00fcssen Sie sich nicht registrieren. Wenn Sie jedoch die Funktionen von Free2stay vollst\u00e4ndig nutzen m\u00f6chten, wie das Hinzuf\u00fcgen von Kommentaren, das Hinzuf\u00fcgen von Fotos von Orten, das Hinzuf\u00fcgen neuer Orte, m\u00fcssen Sie ein Konto erstellen; In diesem Fall m\u00fcssen die minimal erforderlichen personenbezogenen Daten bereitgestellt werden: E-Mail-Adresse und Benutzername (der Benutzername kann fiktiv sein). Wir k\u00f6nnen weitere Informationen sammeln, die nicht als personenbezogene Daten betrachtet werden, wie z. B.: Art Ihres Fahrzeugs, bevorzugte Sprache, aus Kommentaren und Fotos abgeleitete Beschreibungen. Unsere App verwendet Google Analytics, einen von Google angebotenen Dienst, der detaillierte Statistiken \u00fcber den Datenverkehr unserer App generiert. Dieser Dienst wird von Google gem\u00e4\u00df der Datenschutzrichtlinie von Google bereitgestellt. Wir k\u00f6nnen auch andere analytische Dienste nutzen, die keine pers\u00f6nlichen und sensiblen Daten sammeln.<\/p>\n<p><strong>WOF\u00dcR WERDEN DIE INFORMATIONEN VERWENDET?<\/strong> Ihre E-Mail-Adresse wird verwendet, um Ihr Konto zu registrieren, sich bei Ihrem Konto anzumelden und kann verwendet werden, um bei Bedarf Kontakt mit Ihnen aufzunehmen. Ihr Benutzername wird verwendet, um Ihr Konto zu registrieren und sich bei Ihrem Konto anzumelden. Wenn Sie die Funktionen unserer App verwenden, wie etwa Orte hinzuf\u00fcgen, Kommentare hinzuf\u00fcgen, Fotos hinzuf\u00fcgen, wird Ihr Benutzername verwendet, um anzuzeigen, was Sie posten. Ihre E-Mail-Adresse kann auch verwendet werden, um Ihnen unseren Newsletter zu senden, jedoch nur, wenn Sie uns Ihre gesonderte Zustimmung erteilen. Wenn Sie sich f\u00fcr unsere App registrieren, k\u00f6nnen Sie uns eine gesonderte Zustimmung erteilen, Informationen \u00fcber unsere Partner per E-Mail zu erhalten. Wir geben keine Ihrer personenbezogenen Daten weiter, mit Ausnahme des Benutzernamens, der in der App zusammen mit den von Ihnen geposteten Kommentaren, Orten oder Fotos ver\u00f6ffentlicht wird. Daher werden Ihr Benutzername sowie die von Ihnen hinzugef\u00fcgten Orte, Kommentare und Fotos innerhalb der App f\u00fcr die Benutzer unserer App (registriert und nicht registriert) sowie auf unserer Website offengelegt.<\/p>\n<p class=\" translation-block\"><strong>GEBEN WIR INFORMATIONEN AN DRITTE WEITER?<\/strong> Abgesehen von dem, was wir oben geschrieben haben, teilen wir keine Ihrer Informationen, einschlie\u00dflich des Benutzernamens und der E-Mail-Adresse, mit Dritten, es sei denn, dies wird gesetzlich gefordert.<\/p>\n<p class=\" translation-block\"><strong>SIND IHRE PERS\u00d6NLICHEN DATEN GESICHERT?<\/strong> Wir verarbeiten die Daten unserer Benutzer in einer sicheren Infrastruktur. Wir haben eine Verschl\u00fcsselung der \u00dcbertragung implementiert, wenn Sie Ihre Daten \u00fcber das Internet bereitstellen.<\/p>\n<p><strong>\u00c4NDERUNGEN UNSERER DATENSCHUTZERKL\u00c4RUNG<\/strong> <strong>\u00c4NDERUNGEN UNSERER DATENSCHUTZRICHTLINIE<\/strong> Wenn wir beschlie\u00dfen, unsere Richtlinien zu \u00e4ndern, werden wir diese \u00c4nderungen auf dieser Seite ver\u00f6ffentlichen und Sie dar\u00fcber informieren.<\/p>","protected":false},"excerpt":{"rendered":"<p>The Site www.Free2stay is edited and operated by : Joao Fernando P Fonseca Address : Pr\u00e7 Augusto Moura Junior 8 Email : contacto@free2stay.eu Gestores de publica\u00e7\u00e3o : Joao Fonseca \/ Natividad Aguero Site Hosting HostFast LLC 30 North Gould St. #5535 Sheridan, Wyoming, USA 82801-6317 General conditions of use of the Site Jo\u00e3o Fernando P. [&hellip;]<\/p>\n","protected":false},"author":23,"featured_media":0,"parent":0,"menu_order":0,"comment_status":"closed","ping_status":"closed","template":"template-fullwidth.php","meta":{"_acf_changed":false,"_themeisle_gutenberg_block_has_review":false,"footnotes":""},"class_list":["post-980","page","type-page","status-publish","hentry"],"acf":[],"_links":{"self":[{"href":"https:\/\/free2stay.eu\/de\/wp-json\/wp\/v2\/pages\/980","targetHints":{"allow":["GET"]}}],"collection":[{"href":"https:\/\/free2stay.eu\/de\/wp-json\/wp\/v2\/pages"}],"about":[{"href":"https:\/\/free2stay.eu\/de\/wp-json\/wp\/v2\/types\/page"}],"author":[{"embeddable":true,"href":"https:\/\/free2stay.eu\/de\/wp-json\/wp\/v2\/users\/23"}],"replies":[{"embeddable":true,"href":"https:\/\/free2stay.eu\/de\/wp-json\/wp\/v2\/comments?post=980"}],"version-history":[{"count":1,"href":"https:\/\/free2stay.eu\/de\/wp-json\/wp\/v2\/pages\/980\/revisions"}],"predecessor-version":[{"id":1854,"href":"https:\/\/free2stay.eu\/de\/wp-json\/wp\/v2\/pages\/980\/revisions\/1854"}],"wp:attachment":[{"href":"https:\/\/free2stay.eu\/de\/wp-json\/wp\/v2\/media?parent=980"}],"curies":[{"name":"wp","href":"https:\/\/api.w.org\/{rel}","templated":true}]}}